{"id":26,"date":"2026-03-01T23:10:42","date_gmt":"2026-03-01T23:10:42","guid":{"rendered":"https:\/\/jourjvisuelproduction.com\/?page_id=26"},"modified":"2026-03-03T08:33:37","modified_gmt":"2026-03-03T08:33:37","slug":"nos-formules","status":"publish","type":"page","link":"https:\/\/jourjvisuelproduction.com\/?page_id=26","title":{"rendered":"Nos Formules"},"content":{"rendered":"\n<h2 class=\"wp-block-heading has-text-align-center\">Nos formules<\/h2>\n\n\n\n<div class=\"wp-block-columns is-layout-flex wp-container-core-columns-is-layout-28f84493 wp-block-columns-is-layout-flex\">\n<div class=\"wp-block-column is-layout-flow wp-block-column-is-layout-flow\">\n<figure class=\"wp-block-image size-full\"><img loading=\"lazy\" decoding=\"async\" width=\"1707\" height=\"2560\" src=\"https:\/\/jourjvisuelproduction.com\/wp-content\/uploads\/2026\/03\/DSC03230-scaled.jpg\" class=\"wp-image-51\" srcset=\"https:\/\/jourjvisuelproduction.com\/wp-content\/uploads\/2026\/03\/DSC03230-scaled.jpg 1707w, https:\/\/jourjvisuelproduction.com\/wp-content\/uploads\/2026\/03\/DSC03230-200x300.jpg 200w, https:\/\/jourjvisuelproduction.com\/wp-content\/uploads\/2026\/03\/DSC03230-683x1024.jpg 683w, https:\/\/jourjvisuelproduction.com\/wp-content\/uploads\/2026\/03\/DSC03230-768x1152.jpg 768w, https:\/\/jourjvisuelproduction.com\/wp-content\/uploads\/2026\/03\/DSC03230-1024x1536.jpg 1024w, https:\/\/jourjvisuelproduction.com\/wp-content\/uploads\/2026\/03\/DSC03230-1365x2048.jpg 1365w\" sizes=\"auto, (max-width: 1707px) 100vw, 1707px\" \/><\/figure>\n<\/div>\n\n\n\n<div class=\"wp-block-column is-style-section-1 is-layout-flow wp-block-column-is-layout-flow is-style-section-1--1\">\n<figure class=\"wp-block-image size-large\"><img loading=\"lazy\" decoding=\"async\" width=\"683\" height=\"1024\" src=\"https:\/\/jourjvisuelproduction.com\/wp-content\/uploads\/2026\/03\/DSC01380-683x1024.jpg\" alt=\"\" class=\"wp-image-52\" srcset=\"https:\/\/jourjvisuelproduction.com\/wp-content\/uploads\/2026\/03\/DSC01380-683x1024.jpg 683w, https:\/\/jourjvisuelproduction.com\/wp-content\/uploads\/2026\/03\/DSC01380-200x300.jpg 200w, https:\/\/jourjvisuelproduction.com\/wp-content\/uploads\/2026\/03\/DSC01380-768x1152.jpg 768w, https:\/\/jourjvisuelproduction.com\/wp-content\/uploads\/2026\/03\/DSC01380-1024x1536.jpg 1024w, https:\/\/jourjvisuelproduction.com\/wp-content\/uploads\/2026\/03\/DSC01380-1365x2048.jpg 1365w, https:\/\/jourjvisuelproduction.com\/wp-content\/uploads\/2026\/03\/DSC01380-scaled.jpg 1707w\" sizes=\"auto, (max-width: 683px) 100vw, 683px\" \/><\/figure>\n<\/div>\n\n\n\n<div class=\"wp-block-column is-layout-flow wp-block-column-is-layout-flow\">\n<figure class=\"wp-block-image size-large\"><img loading=\"lazy\" decoding=\"async\" width=\"683\" height=\"1024\" src=\"https:\/\/jourjvisuelproduction.com\/wp-content\/uploads\/2026\/03\/IMG_3829-683x1024.jpg\" alt=\"\" class=\"wp-image-53\" srcset=\"https:\/\/jourjvisuelproduction.com\/wp-content\/uploads\/2026\/03\/IMG_3829-683x1024.jpg 683w, https:\/\/jourjvisuelproduction.com\/wp-content\/uploads\/2026\/03\/IMG_3829-200x300.jpg 200w, https:\/\/jourjvisuelproduction.com\/wp-content\/uploads\/2026\/03\/IMG_3829-768x1152.jpg 768w, https:\/\/jourjvisuelproduction.com\/wp-content\/uploads\/2026\/03\/IMG_3829-1024x1536.jpg 1024w, https:\/\/jourjvisuelproduction.com\/wp-content\/uploads\/2026\/03\/IMG_3829-1365x2048.jpg 1365w, https:\/\/jourjvisuelproduction.com\/wp-content\/uploads\/2026\/03\/IMG_3829-scaled.jpg 1707w\" sizes=\"auto, (max-width: 683px) 100vw, 683px\" \/><\/figure>\n<\/div>\n<\/div>\n\n\n\n<div class=\"wp-block-columns is-layout-flex wp-container-core-columns-is-layout-28f84493 wp-block-columns-is-layout-flex\">\n<div class=\"wp-block-column is-layout-flow wp-block-column-is-layout-flow\">\n<p class=\"has-text-align-center\">L&#8217;essentiel<\/p>\n<\/div>\n\n\n\n<div class=\"wp-block-column is-layout-flow wp-block-column-is-layout-flow\">\n<p class=\"has-text-align-center\">\u00c9l\u00e9gance<\/p>\n<\/div>\n\n\n\n<div class=\"wp-block-column is-layout-flow wp-block-column-is-layout-flow\">\n<p class=\"has-text-align-center\">Prestige<\/p>\n<\/div>\n<\/div>\n\n\n\n<div class=\"wp-block-columns is-layout-flex wp-container-core-columns-is-layout-28f84493 wp-block-columns-is-layout-flex\">\n<div class=\"wp-block-column is-layout-flow wp-block-column-is-layout-flow\">\n<ul class=\"wp-block-list\">\n<li>C\u00e9r\u00e9monie civile et soir\u00e9e<\/li>\n\n\n\n<li>1 photographe et 1 vid\u00e9aste<\/li>\n\n\n\n<li>Film court en format teaser<\/li>\n\n\n\n<li>Photos illimit\u00e9es avec retouches couleur<\/li>\n\n\n\n<li>Livraison via galerie en ligne<\/li>\n<\/ul>\n<\/div>\n\n\n\n<div class=\"wp-block-column is-layout-flow wp-block-column-is-layout-flow\">\n<p><\/p>\n<\/div>\n\n\n\n<div class=\"wp-block-column is-layout-flow wp-block-column-is-layout-flow\">\n<p><\/p>\n<\/div>\n<\/div>\n\n\n\n<p><\/p>\n","protected":false},"excerpt":{"rendered":"<p>Nos formules L&#8217;essentiel \u00c9l\u00e9gance Prestige<\/p>\n","protected":false},"author":1,"featured_media":0,"parent":0,"menu_order":3,"comment_status":"closed","ping_status":"closed","template":"page-no-title","meta":{"footnotes":""},"class_list":["post-26","page","type-page","status-publish","hentry"],"_links":{"self":[{"href":"https:\/\/jourjvisuelproduction.com\/index.php?rest_route=\/wp\/v2\/pages\/26","targetHints":{"allow":["GET"]}}],"collection":[{"href":"https:\/\/jourjvisuelproduction.com\/index.php?rest_route=\/wp\/v2\/pages"}],"about":[{"href":"https:\/\/jourjvisuelproduction.com\/index.php?rest_route=\/wp\/v2\/types\/page"}],"author":[{"embeddable":true,"href":"https:\/\/jourjvisuelproduction.com\/index.php?rest_route=\/wp\/v2\/users\/1"}],"replies":[{"embeddable":true,"href":"https:\/\/jourjvisuelproduction.com\/index.php?rest_route=%2Fwp%2Fv2%2Fcomments&post=26"}],"version-history":[{"count":4,"href":"https:\/\/jourjvisuelproduction.com\/index.php?rest_route=\/wp\/v2\/pages\/26\/revisions"}],"predecessor-version":[{"id":57,"href":"https:\/\/jourjvisuelproduction.com\/index.php?rest_route=\/wp\/v2\/pages\/26\/revisions\/57"}],"wp:attachment":[{"href":"https:\/\/jourjvisuelproduction.com\/index.php?rest_route=%2Fwp%2Fv2%2Fmedia&parent=26"}],"curies":[{"name":"wp","href":"https:\/\/api.w.org\/{rel}","templated":true}]}}